{"id":564,"date":"2022-09-28T08:17:53","date_gmt":"2022-09-28T08:17:53","guid":{"rendered":"https:\/\/babalharaa.com\/?page_id=564"},"modified":"2023-08-04T08:43:05","modified_gmt":"2023-08-04T07:43:05","slug":"impressum","status":"publish","type":"page","link":"https:\/\/babalharaa.com\/ar\/impressum\/","title":{"rendered":"\u0627\u0644\u0628\u0635\u0645\u0629"},"content":{"rendered":"<div data-elementor-type=\"wp-page\" data-elementor-id=\"564\" class=\"elementor elementor-564\" data-elementor-post-type=\"page\">\n\t\t\t\t\t\t<section data-particle_enable=\"false\" data-particle-mobile-disabled=\"false\" class=\"elementor-section elementor-top-section elementor-element elementor-element-4051552 elementor-section-full_width elementor-section-height-default elementor-section-height-default\" data-id=\"4051552\" data-element_type=\"section\" data-e-type=\"section\" data-settings=\"{&quot;background_background&quot;:&quot;classic&quot;,&quot;ekit_has_onepagescroll_dot&quot;:&quot;yes&quot;}\">\n\t\t\t\t\t\t\t<div class=\"elementor-background-overlay\"><\/div>\n\t\t\t\t\t\t\t<div class=\"elementor-container elementor-column-gap-no\">\n\t\t\t\t\t<div class=\"elementor-column elementor-col-100 elementor-top-column elementor-element elementor-element-bc0ef17\" data-id=\"bc0ef17\" data-element_type=\"column\" data-e-type=\"column\">\n\t\t\t<div class=\"elementor-widget-wrap elementor-element-populated\">\n\t\t\t\t\t\t<section data-particle_enable=\"false\" data-particle-mobile-disabled=\"false\" class=\"elementor-section elementor-inner-section elementor-element elementor-element-2598e04 elementor-section-boxed elementor-section-height-default elementor-section-height-default\" data-id=\"2598e04\" data-element_type=\"section\" data-e-type=\"section\" data-settings=\"{&quot;ekit_has_onepagescroll_dot&quot;:&quot;yes&quot;}\">\n\t\t\t\t\t\t<div class=\"elementor-container elementor-column-gap-no\">\n\t\t\t\t\t<div class=\"elementor-column elementor-col-100 elementor-inner-column elementor-element elementor-element-25d959a\" data-id=\"25d959a\" data-element_type=\"column\" data-e-type=\"column\">\n\t\t\t<div class=\"elementor-widget-wrap elementor-element-populated\">\n\t\t\t\t\t\t<div class=\"elementor-element elementor-element-0cf56e3 elementor-icon-list--layout-inline elementor-widget__width-auto elementor-list-item-link-full_width elementor-invisible elementor-widget elementor-widget-icon-list\" data-id=\"0cf56e3\" data-element_type=\"widget\" data-e-type=\"widget\" data-settings=\"{&quot;_animation&quot;:&quot;fadeInUp&quot;,&quot;_animation_delay&quot;:&quot;300&quot;,&quot;ekit_we_effect_on&quot;:&quot;none&quot;}\" data-widget_type=\"icon-list.default\">\n\t\t\t\t<div class=\"elementor-widget-container\">\n\t\t\t\t\t\t\t<ul class=\"elementor-icon-list-items elementor-inline-items\">\n\t\t\t\t\t\t\t<li class=\"elementor-icon-list-item elementor-inline-item\">\n\t\t\t\t\t\t\t\t\t\t\t<a href=\"https:\/\/babalharaa.com\/ar\/\">\n\n\t\t\t\t\t\t\t\t\t\t\t<span class=\"elementor-icon-list-text\">\u0627\u0644\u0635\u0641\u062d\u0629 \u0627\u0644\u0631\u0626\u064a\u0633\u064a\u0629<\/span>\n\t\t\t\t\t\t\t\t\t\t\t<\/a>\n\t\t\t\t\t\t\t\t\t<\/li>\n\t\t\t\t\t\t\t\t<li class=\"elementor-icon-list-item elementor-inline-item\">\n\t\t\t\t\t\t\t\t\t\t\t<span class=\"elementor-icon-list-icon\">\n\t\t\t\t\t\t\t<i aria-hidden=\"true\" class=\"fas fa-angle-right\"><\/i>\t\t\t\t\t\t<\/span>\n\t\t\t\t\t\t\t\t\t\t<span class=\"elementor-icon-list-text\"><\/span>\n\t\t\t\t\t\t\t\t\t<\/li>\n\t\t\t\t\t\t<\/ul>\n\t\t\t\t\t\t<\/div>\n\t\t\t\t<\/div>\n\t\t\t\t\t<\/div>\n\t\t<\/div>\n\t\t\t\t\t<\/div>\n\t\t<\/section>\n\t\t\t\t\t<\/div>\n\t\t<\/div>\n\t\t\t\t\t<\/div>\n\t\t<\/section>\n\t\t\t\t<section data-particle_enable=\"false\" data-particle-mobile-disabled=\"false\" class=\"elementor-section elementor-top-section elementor-element elementor-element-66feed1 elementor-section-boxed elementor-section-height-default elementor-section-height-default\" data-id=\"66feed1\" data-element_type=\"section\" data-e-type=\"section\" data-settings=\"{&quot;ekit_has_onepagescroll_dot&quot;:&quot;yes&quot;}\">\n\t\t\t\t\t\t<div class=\"elementor-container elementor-column-gap-default\">\n\t\t\t\t\t<div class=\"elementor-column elementor-col-100 elementor-top-column elementor-element elementor-element-88d4b68\" data-id=\"88d4b68\" data-element_type=\"column\" data-e-type=\"column\">\n\t\t\t<div class=\"elementor-widget-wrap elementor-element-populated\">\n\t\t\t\t\t\t<div class=\"elementor-element elementor-element-bac5e5c elementor-widget elementor-widget-text-editor\" data-id=\"bac5e5c\" data-element_type=\"widget\" data-e-type=\"widget\" data-settings=\"{&quot;ekit_we_effect_on&quot;:&quot;none&quot;}\" data-widget_type=\"text-editor.default\">\n\t\t\t\t<div class=\"elementor-widget-container\">\n\t\t\t\t\t\t\t\t\t<div data-id=\"ba7835e\" data-element_type=\"widget\" data-widget_type=\"heading.default\"><div data-id=\"ba7835e\" data-element_type=\"widget\" data-widget_type=\"heading.default\"><h6><strong>\u0627\u0644\u0628\u0635\u0645\u0629<\/strong><\/h6><p>\u0645\u0637\u0639\u0645 \u0628\u0627\u0628 \u0627\u0644\u062d\u0627\u0631\u0629<\/p><p>Bahnhofstrasse 35<br \/>3800Unterseen<br \/>Schweiz<\/p><p><strong>\u0631\u0642\u0645 \u0647\u0627\u062a\u0641:<\/strong> <a href=\"tel:+41799005857\">0799005857<\/a><br \/><strong>\u0639\u0646\u0648\u0627\u0646 \u0627\u0644\u0628\u0631\u064a\u062f \u0627\u0644\u0625\u0644\u0643\u062a\u0631\u0648\u0646\u064a:<\/strong>\u00a0<a href=\"mailto:info@babalharaa.com\">info@babalharaa.com<\/a><br \/><strong>\u0645\u0648\u0642\u0639:<\/strong> <a href=\"https:\/\/babalharaa.com\/ar\/\" target=\"_blank\" rel=\"noopener\">babalharaa.com<\/a><\/p><p><strong>\u0645\u0627\u0644\u0643:<\/strong> <span style=\"font-size: 16px;\">\u0639\u062f\u0646\u0627\u0646 \u0637\u0627\u0647\u0631<\/span><\/p><p><strong>\u0631\u0642\u0645 \u062a\u0633\u062c\u064a\u0644 \u0627\u0644\u0634\u0631\u0643\u0629: <\/strong>CH-036.4.075.055-8<br \/><strong>\u0631\u0642\u0645 \u062a\u0639\u0631\u064a\u0641 \u0636\u0631\u064a\u0628\u0629 \u0627\u0644\u0645\u0628\u064a\u0639\u0627\u062a:<\/strong> CHE-426.649.569<\/p><div class=\"elementor-element elementor-element-1049998 elementor-widget elementor-widget-heading\" data-id=\"1049998\" data-element_type=\"widget\" data-settings=\"{&quot;ekit_we_effect_on&quot;:&quot;none&quot;}\" data-widget_type=\"heading.default\"><div class=\"elementor-widget-container\"><h6 class=\"elementor-heading-title elementor-size-default\">\u062a\u0646\u0635\u0644:<\/h6><\/div><\/div><div class=\"elementor-element elementor-element-d4745fe elementor-widget elementor-widget-text-editor\" data-id=\"d4745fe\" data-element_type=\"widget\" data-settings=\"{&quot;ekit_we_effect_on&quot;:&quot;none&quot;}\" data-widget_type=\"text-editor.default\"><div class=\"elementor-widget-container\"><p>\u0644\u0627 \u064a\u062a\u062d\u0645\u0644 \u0627\u0644\u0645\u0624\u0644\u0641 \u0623\u064a \u0645\u0633\u0624\u0648\u0644\u064a\u0629 \u0639\u0646 \u0635\u062d\u0629 \u0627\u0644\u0645\u0639\u0644\u0648\u0645\u0627\u062a \u0648\u062f\u0642\u062a\u0647\u0627 \u0648\u062a\u0648\u0642\u064a\u062a\u0647\u0627 \u0648\u0645\u0648\u062b\u0648\u0642\u064a\u062a\u0647\u0627 \u0648\u0627\u0643\u062a\u0645\u0627\u0644\u0647\u0627. \u064a\u062a\u0645 \u0627\u0633\u062a\u0628\u0639\u0627\u062f \u0645\u0637\u0627\u0644\u0628\u0627\u062a \u0627\u0644\u0645\u0633\u0624\u0648\u0644\u064a\u0629 \u0636\u062f \u0627\u0644\u0645\u0624\u0644\u0641 \u0639\u0646 \u0627\u0644\u0623\u0636\u0631\u0627\u0631 \u0627\u0644\u0645\u0627\u062f\u064a\u0629 \u0623\u0648 \u063a\u064a\u0631 \u0627\u0644\u0645\u0627\u062f\u064a\u0629 \u0627\u0644\u0646\u0627\u062a\u062c\u0629 \u0639\u0646 \u0627\u0644\u0648\u0635\u0648\u0644 \u0625\u0644\u0649 \u0627\u0644\u0645\u0639\u0644\u0648\u0645\u0627\u062a \u0627\u0644\u0645\u0646\u0634\u0648\u0631\u0629 \u0623\u0648 \u0627\u0633\u062a\u062e\u062f\u0627\u0645\u0647\u0627 \u0623\u0648 \u0639\u062f\u0645 \u0627\u0633\u062a\u062e\u062f\u0627\u0645\u0647\u0627 \u0623\u0648 \u0625\u0633\u0627\u0621\u0629 \u0627\u0633\u062a\u062e\u062f\u0627\u0645 \u0627\u0644\u0627\u062a\u0635\u0627\u0644 \u0623\u0648 \u0627\u0644\u0623\u062e\u0637\u0627\u0621 \u0627\u0644\u0641\u0646\u064a\u0629. \u062c\u0645\u064a\u0639 \u0627\u0644\u0639\u0631\u0648\u0636 \u063a\u064a\u0631 \u0645\u0644\u0632\u0645\u0629. \u064a\u062d\u062a\u0641\u0638 \u0627\u0644\u0645\u0624\u0644\u0641 \u0635\u0631\u0627\u062d\u0629 \u0628\u0627\u0644\u062d\u0642 \u0641\u064a \u062a\u063a\u064a\u064a\u0631 \u0623\u0648 \u0627\u0633\u062a\u0643\u0645\u0627\u0644 \u0623\u0648 \u062d\u0630\u0641 \u0623\u062c\u0632\u0627\u0621 \u0645\u0646 \u0627\u0644\u0635\u0641\u062d\u0627\u062a \u0623\u0648 \u0627\u0644\u0639\u0631\u0636 \u0628\u0623\u0643\u0645\u0644\u0647 \u062f\u0648\u0646 \u0625\u0634\u0639\u0627\u0631 \u0645\u0633\u0628\u0642 \u0623\u0648 \u0627\u0644\u062a\u0648\u0642\u0641 \u0639\u0646 \u0627\u0644\u0646\u0634\u0631 \u0628\u0634\u0643\u0644 \u0645\u0624\u0642\u062a \u0623\u0648 \u062f\u0627\u0626\u0645.<\/p><\/div><\/div><h6><strong>\u062a\u0646\u0635\u0644:<\/strong><\/h6><p>\u0639\u0644\u0649 \u0627\u0644\u0631\u063a\u0645 \u0645\u0646 \u0627\u0644\u062a\u062d\u0643\u0645 \u0627\u0644\u062f\u0642\u064a\u0642 \u0641\u064a \u0627\u0644\u0645\u062d\u062a\u0648\u0649 \u060c \u0641\u0625\u0646\u0646\u0627 \u0644\u0627 \u0646\u062a\u062d\u0645\u0644 \u0623\u064a \u0645\u0633\u0624\u0648\u0644\u064a\u0629 \u0639\u0646 \u0645\u062d\u062a\u0648\u0649 \u0627\u0644\u0631\u0648\u0627\u0628\u0637 \u0627\u0644\u062e\u0627\u0631\u062c\u064a\u0629. \u064a\u062a\u062d\u0645\u0644 \u0645\u0634\u063a\u0644\u0648 \u0627\u0644\u0635\u0641\u062d\u0627\u062a \u0627\u0644\u0645\u0631\u062a\u0628\u0637\u0629 \u0648\u062d\u062f\u0647\u0645 \u0627\u0644\u0645\u0633\u0624\u0648\u0644\u064a\u0629 \u0639\u0646 \u0645\u062d\u062a\u0648\u0627\u0647\u0627.<\/p><h6><strong>\u062d\u0642\u0648\u0642 \u0627\u0644\u0646\u0634\u0631:<\/strong><\/h6><p>\u064a\u062e\u0636\u0639 \u0627\u0644\u0645\u062d\u062a\u0648\u0649 \u0648\u0627\u0644\u0623\u0639\u0645\u0627\u0644 \u0639\u0644\u0649 \u0647\u0630\u0647 \u0627\u0644\u0635\u0641\u062d\u0627\u062a \u0627\u0644\u062a\u064a \u0623\u0646\u0634\u0623\u0647\u0627 \u0645\u0634\u063a\u0644\u0648 \u0627\u0644\u0645\u0648\u0642\u0639 \u0644\u0642\u0627\u0646\u0648\u0646 \u062d\u0642\u0648\u0642 \u0627\u0644\u0646\u0634\u0631 \u0627\u0644\u0633\u0648\u064a\u0633\u0631\u064a. \u064a\u062a\u0637\u0644\u0628 \u0627\u0644\u0646\u0633\u062e \u0648\u0627\u0644\u062a\u062d\u0631\u064a\u0631 \u0648\u0627\u0644\u062a\u0648\u0632\u064a\u0639 \u0648\u0623\u064a \u0646\u0648\u0639 \u0645\u0646 \u0627\u0644\u0627\u0633\u062a\u063a\u0644\u0627\u0644 \u062e\u0627\u0631\u062c \u062d\u062f\u0648\u062f \u062d\u0642\u0648\u0642 \u0627\u0644\u0646\u0634\u0631 \u0645\u0648\u0627\u0641\u0642\u0629 \u062e\u0637\u064a\u0629 \u0645\u0646 \u0627\u0644\u0645\u0624\u0644\u0641 \u0623\u0648 \u0627\u0644\u0645\u0628\u062f\u0639 \u0627\u0644\u0645\u0639\u0646\u064a. \u064a\u064f\u0633\u0645\u062d \u0628\u062a\u0646\u0632\u064a\u0644 \u0648\u0646\u0633\u062e \u0647\u0630\u0627 \u0627\u0644\u0645\u0648\u0642\u0639 \u0644\u0644\u0627\u0633\u062a\u062e\u062f\u0627\u0645 \u0627\u0644\u062e\u0627\u0635 \u0641\u0642\u0637 \u0648\u063a\u064a\u0631 \u0627\u0644\u062a\u062c\u0627\u0631\u064a.<\/p><h6><strong>\u062d\u0645\u0627\u064a\u0629 \u0627\u0644\u0628\u064a\u0627\u0646\u0627\u062a:<\/strong><\/h6><p>\u064a\u0645\u0643\u0646 \u0627\u0644\u0639\u062b\u0648\u0631 \u0639\u0644\u0649 \u0645\u0639\u0644\u0648\u0645\u0627\u062a \u062d\u0648\u0644 \u062d\u0645\u0627\u064a\u0629 \u0627\u0644\u0628\u064a\u0627\u0646\u0627\u062a \u0641\u064a \u0625\u0639\u0644\u0627\u0646 \u062d\u0645\u0627\u064a\u0629 \u0627\u0644\u0628\u064a\u0627\u0646\u0627\u062a \u0627\u0644\u062e\u0627\u0635 \u0628\u0646\u0627.<\/p><\/div><\/div>\t\t\t\t\t\t\t\t<\/div>\n\t\t\t\t<\/div>\n\t\t\t\t\t<\/div>\n\t\t<\/div>\n\t\t\t\t\t<\/div>\n\t\t<\/section>\n\t\t\t\t<\/div>","protected":false},"excerpt":{"rendered":"<p>Startseite Impressum Babalharaa Restaurant Bahnhofstrasse 353800 UnterseenSchweiz Telefonnummer: 0799005857E-Mail-Adresse:\u00a0info@babalharaa.comWebsite: babalharaa.com Inhaber: Adnan Taher Handelsregisternummer: CH-036.4.075.055-8Umsatzsteuer-Identifikationsnummer: CHE-426.649.569 Haftungsausschluss: Der Autor \u00fcbernimmt keinerlei Gew\u00e4hr hinsichtlich der inhaltlichen Richtigkeit, Genauigkeit, Aktualit\u00e4t, Zuverl\u00e4ssigkeit und Vollst\u00e4ndigkeit der Informationen. Haftungsanspr\u00fcche gegen den Autor wegen Sch\u00e4den materieller oder immaterieller Art, welche aus dem Zugriff oder der Nutzung bzw. Nichtnutzung der ver\u00f6ffentlichten Informationen, [&hellip;]<\/p>\n","protected":false},"author":3,"featured_media":0,"parent":0,"menu_order":0,"comment_status":"closed","ping_status":"closed","template":"","meta":{"site-sidebar-layout":"no-sidebar","site-content-layout":"page-builder","ast-site-content-layout":"default","site-content-style":"default","site-sidebar-style":"default","ast-global-header-display":"","ast-banner-title-visibility":"","ast-main-header-display":"","ast-hfb-above-header-display":"","ast-hfb-below-header-display":"","ast-hfb-mobile-header-display":"","site-post-title":"disabled","ast-breadcrumbs-content":"","ast-featured-img":"disabled","footer-sml-layout":"","ast-disable-related-posts":"","theme-transparent-header-meta":"","adv-header-id-meta":"","stick-header-meta":"","header-above-stick-meta":"","header-main-stick-meta":"","header-below-stick-meta":"","astra-migrate-meta-layouts":"default","ast-page-background-enabled":"default","ast-page-background-meta":{"desktop":{"background-color":"var(--ast-global-color-4)","background-image":"","background-repeat":"repeat","background-position":"center center","background-size":"auto","background-attachment":"scroll","background-type":"","background-media":"","overlay-type":"","overlay-color":"","overlay-opacity":"","overlay-gradient":""},"tablet":{"background-color":"","background-image":"","background-repeat":"repeat","background-position":"center center","background-size":"auto","background-attachment":"scroll","background-type":"","background-media":"","overlay-type":"","overlay-color":"","overlay-opacity":"","overlay-gradient":""},"mobile":{"background-color":"","background-image":"","background-repeat":"repeat","background-position":"center center","background-size":"auto","background-attachment":"scroll","background-type":"","background-media":"","overlay-type":"","overlay-color":"","overlay-opacity":"","overlay-gradient":""}},"ast-content-background-meta":{"desktop":{"background-color":"var(--ast-global-color-5)","background-image":"","background-repeat":"repeat","background-position":"center center","background-size":"auto","background-attachment":"scroll","background-type":"","background-media":"","overlay-type":"","overlay-color":"","overlay-opacity":"","overlay-gradient":""},"tablet":{"background-color":"var(--ast-global-color-5)","background-image":"","background-repeat":"repeat","background-position":"center center","background-size":"auto","background-attachment":"scroll","background-type":"","background-media":"","overlay-type":"","overlay-color":"","overlay-opacity":"","overlay-gradient":""},"mobile":{"background-color":"var(--ast-global-color-5)","background-image":"","background-repeat":"repeat","background-position":"center center","background-size":"auto","background-attachment":"scroll","background-type":"","background-media":"","overlay-type":"","overlay-color":"","overlay-opacity":"","overlay-gradient":""}},"_joinchat":[],"footnotes":""},"class_list":["post-564","page","type-page","status-publish","hentry"],"yoast_head":"<!-- This site is optimized with the Yoast SEO plugin v25.1 - https:\/\/yoast.com\/wordpress\/plugins\/seo\/ -->\n<title>Impressum - Babalharaa<\/title>\n<meta name=\"robots\" content=\"noindex, nofollow\" \/>\n<meta property=\"og:locale\" content=\"ar_AR\" \/>\n<meta property=\"og:type\" content=\"article\" \/>\n<meta property=\"og:title\" content=\"Impressum - Babalharaa\" \/>\n<meta property=\"og:description\" content=\"Startseite Impressum Babalharaa Restaurant Bahnhofstrasse 353800 UnterseenSchweiz Telefonnummer: 0799005857E-Mail-Adresse:\u00a0info@babalharaa.comWebsite: babalharaa.com Inhaber: Adnan Taher Handelsregisternummer: CH-036.4.075.055-8Umsatzsteuer-Identifikationsnummer: CHE-426.649.569 Haftungsausschluss: Der Autor \u00fcbernimmt keinerlei Gew\u00e4hr hinsichtlich der inhaltlichen Richtigkeit, Genauigkeit, Aktualit\u00e4t, Zuverl\u00e4ssigkeit und Vollst\u00e4ndigkeit der Informationen. Haftungsanspr\u00fcche gegen den Autor wegen Sch\u00e4den materieller oder immaterieller Art, welche aus dem Zugriff oder der Nutzung bzw. Nichtnutzung der ver\u00f6ffentlichten Informationen, [&hellip;]\" \/>\n<meta property=\"og:url\" content=\"https:\/\/babalharaa.com\/ar\/impressum\/\" \/>\n<meta property=\"og:site_name\" content=\"Babalharaa\" \/>\n<meta property=\"article:modified_time\" content=\"2023-08-04T07:43:05+00:00\" \/>\n<meta name=\"twitter:card\" content=\"summary_large_image\" \/>\n<meta name=\"twitter:label1\" content=\"\u0648\u0642\u062a \u0627\u0644\u0642\u0631\u0627\u0621\u0629 \u0627\u0644\u0645\u064f\u0642\u062f\u0651\u0631\" \/>\n\t<meta name=\"twitter:data1\" content=\"\u062f\u0642\u064a\u0642\u062a\u0627\u0646\" \/>\n<script type=\"application\/ld+json\" class=\"yoast-schema-graph\">{\"@context\":\"https:\/\/schema.org\",\"@graph\":[{\"@type\":\"WebPage\",\"@id\":\"https:\/\/babalharaa.com\/impressum\/\",\"url\":\"https:\/\/babalharaa.com\/impressum\/\",\"name\":\"Impressum - Babalharaa\",\"isPartOf\":{\"@id\":\"https:\/\/babalharaa.com\/#website\"},\"datePublished\":\"2022-09-28T08:17:53+00:00\",\"dateModified\":\"2023-08-04T07:43:05+00:00\",\"breadcrumb\":{\"@id\":\"https:\/\/babalharaa.com\/impressum\/#breadcrumb\"},\"inLanguage\":\"ar\",\"potentialAction\":[{\"@type\":\"ReadAction\",\"target\":[\"https:\/\/babalharaa.com\/impressum\/\"]}]},{\"@type\":\"BreadcrumbList\",\"@id\":\"https:\/\/babalharaa.com\/impressum\/#breadcrumb\",\"itemListElement\":[{\"@type\":\"ListItem\",\"position\":1,\"name\":\"Home\",\"item\":\"https:\/\/babalharaa.com\/\"},{\"@type\":\"ListItem\",\"position\":2,\"name\":\"Impressum\"}]},{\"@type\":\"WebSite\",\"@id\":\"https:\/\/babalharaa.com\/#website\",\"url\":\"https:\/\/babalharaa.com\/\",\"name\":\"1001 Nacht\",\"description\":\"1001 Nacht\",\"publisher\":{\"@id\":\"https:\/\/babalharaa.com\/#organization\"},\"potentialAction\":[{\"@type\":\"SearchAction\",\"target\":{\"@type\":\"EntryPoint\",\"urlTemplate\":\"https:\/\/babalharaa.com\/?s={search_term_string}\"},\"query-input\":{\"@type\":\"PropertyValueSpecification\",\"valueRequired\":true,\"valueName\":\"search_term_string\"}}],\"inLanguage\":\"ar\"},{\"@type\":\"Organization\",\"@id\":\"https:\/\/babalharaa.com\/#organization\",\"name\":\"1001 Nacht\",\"url\":\"https:\/\/babalharaa.com\/\",\"logo\":{\"@type\":\"ImageObject\",\"inLanguage\":\"ar\",\"@id\":\"https:\/\/babalharaa.com\/#\/schema\/logo\/image\/\",\"url\":\"https:\/\/babalharaa.com\/wp-content\/uploads\/2023\/01\/1001-Nacht-goldgrey-01-1024x683.png\",\"contentUrl\":\"https:\/\/babalharaa.com\/wp-content\/uploads\/2023\/01\/1001-Nacht-goldgrey-01-1024x683.png\",\"width\":1024,\"height\":683,\"caption\":\"1001 Nacht\"},\"image\":{\"@id\":\"https:\/\/babalharaa.com\/#\/schema\/logo\/image\/\"}}]}<\/script>\n<!-- \/ Yoast SEO plugin. -->","yoast_head_json":{"title":"\u0628\u0635\u0645\u0629 - \u0628\u0627\u0628\u0627\u0644\u0647\u0631\u0627","robots":{"index":"noindex","follow":"nofollow"},"og_locale":"ar_AR","og_type":"article","og_title":"Impressum - Babalharaa","og_description":"Startseite Impressum Babalharaa Restaurant Bahnhofstrasse 353800 UnterseenSchweiz Telefonnummer: 0799005857E-Mail-Adresse:\u00a0info@babalharaa.comWebsite: babalharaa.com Inhaber: Adnan Taher Handelsregisternummer: CH-036.4.075.055-8Umsatzsteuer-Identifikationsnummer: CHE-426.649.569 Haftungsausschluss: Der Autor \u00fcbernimmt keinerlei Gew\u00e4hr hinsichtlich der inhaltlichen Richtigkeit, Genauigkeit, Aktualit\u00e4t, Zuverl\u00e4ssigkeit und Vollst\u00e4ndigkeit der Informationen. Haftungsanspr\u00fcche gegen den Autor wegen Sch\u00e4den materieller oder immaterieller Art, welche aus dem Zugriff oder der Nutzung bzw. Nichtnutzung der ver\u00f6ffentlichten Informationen, [&hellip;]","og_url":"https:\/\/babalharaa.com\/ar\/impressum\/","og_site_name":"Babalharaa","article_modified_time":"2023-08-04T07:43:05+00:00","twitter_card":"summary_large_image","twitter_misc":{"\u0648\u0642\u062a \u0627\u0644\u0642\u0631\u0627\u0621\u0629 \u0627\u0644\u0645\u064f\u0642\u062f\u0651\u0631":"\u062f\u0642\u064a\u0642\u062a\u0627\u0646"},"schema":{"@context":"https:\/\/schema.org","@graph":[{"@type":"WebPage","@id":"https:\/\/babalharaa.com\/impressum\/","url":"https:\/\/babalharaa.com\/impressum\/","name":"\u0628\u0635\u0645\u0629 - \u0628\u0627\u0628\u0627\u0644\u0647\u0631\u0627","isPartOf":{"@id":"https:\/\/babalharaa.com\/#website"},"datePublished":"2022-09-28T08:17:53+00:00","dateModified":"2023-08-04T07:43:05+00:00","breadcrumb":{"@id":"https:\/\/babalharaa.com\/impressum\/#breadcrumb"},"inLanguage":"ar","potentialAction":[{"@type":"ReadAction","target":["https:\/\/babalharaa.com\/impressum\/"]}]},{"@type":"BreadcrumbList","@id":"https:\/\/babalharaa.com\/impressum\/#breadcrumb","itemListElement":[{"@type":"ListItem","position":1,"name":"Home","item":"https:\/\/babalharaa.com\/"},{"@type":"ListItem","position":2,"name":"Impressum"}]},{"@type":"WebSite","@id":"https:\/\/babalharaa.com\/#website","url":"https:\/\/babalharaa.com\/","name":"1001 \u0644\u064a\u0644\u0629","description":"1001 \u0644\u064a\u0644\u0629","publisher":{"@id":"https:\/\/babalharaa.com\/#organization"},"potentialAction":[{"@type":"SearchAction","target":{"@type":"EntryPoint","urlTemplate":"https:\/\/babalharaa.com\/?s={search_term_string}"},"query-input":{"@type":"PropertyValueSpecification","valueRequired":true,"valueName":"search_term_string"}}],"inLanguage":"ar"},{"@type":"Organization","@id":"https:\/\/babalharaa.com\/#organization","name":"1001 \u0644\u064a\u0644\u0629","url":"https:\/\/babalharaa.com\/","logo":{"@type":"ImageObject","inLanguage":"ar","@id":"https:\/\/babalharaa.com\/#\/schema\/logo\/image\/","url":"https:\/\/babalharaa.com\/wp-content\/uploads\/2023\/01\/1001-Nacht-goldgrey-01-1024x683.png","contentUrl":"https:\/\/babalharaa.com\/wp-content\/uploads\/2023\/01\/1001-Nacht-goldgrey-01-1024x683.png","width":1024,"height":683,"caption":"1001 Nacht"},"image":{"@id":"https:\/\/babalharaa.com\/#\/schema\/logo\/image\/"}}]}},"_links":{"self":[{"href":"https:\/\/babalharaa.com\/ar\/wp-json\/wp\/v2\/pages\/564","targetHints":{"allow":["GET"]}}],"collection":[{"href":"https:\/\/babalharaa.com\/ar\/wp-json\/wp\/v2\/pages"}],"about":[{"href":"https:\/\/babalharaa.com\/ar\/wp-json\/wp\/v2\/types\/page"}],"author":[{"embeddable":true,"href":"https:\/\/babalharaa.com\/ar\/wp-json\/wp\/v2\/users\/3"}],"replies":[{"embeddable":true,"href":"https:\/\/babalharaa.com\/ar\/wp-json\/wp\/v2\/comments?post=564"}],"version-history":[{"count":3,"href":"https:\/\/babalharaa.com\/ar\/wp-json\/wp\/v2\/pages\/564\/revisions"}],"predecessor-version":[{"id":3737,"href":"https:\/\/babalharaa.com\/ar\/wp-json\/wp\/v2\/pages\/564\/revisions\/3737"}],"wp:attachment":[{"href":"https:\/\/babalharaa.com\/ar\/wp-json\/wp\/v2\/media?parent=564"}],"curies":[{"name":"\u0648\u0648\u0631\u062f\u0628\u0631\u064a\u0633","href":"https:\/\/api.w.org\/{rel}","templated":true}]}}